{"id":67,"date":"2017-09-03T09:55:51","date_gmt":"2017-09-03T08:55:51","guid":{"rendered":"http:\/\/www.habus-sro.cz\/?page_id=67"},"modified":"2017-09-03T09:55:51","modified_gmt":"2017-09-03T08:55:51","slug":"provozni-doba-servisu","status":"publish","type":"page","link":"https:\/\/www.habus-sro.cz\/?page_id=67","title":{"rendered":"Provozn\u00ed doba servisu:"},"content":{"rendered":"<ul>\n<li>Servis je otev\u0159en od 7:00 do 17:00 ka\u017ed\u00fd v\u0161edn\u00ed den<\/li>\n<li><strong>o v\u00edkendu a st\u00e1tn\u00edch sv\u00e1tc\u00edch je servis uzav\u0159en a nen\u00ed mo\u017en\u00fd p\u0159\u00edjem ani v\u00fddej oprav<\/strong><\/li>\n<\/ul>\n","protected":false},"excerpt":{"rendered":"<p>Servis je otev\u0159en od 7:00 do 17:00 ka\u017ed\u00fd v\u0161edn\u00ed den o v\u00edkendu a st\u00e1tn\u00edch sv\u00e1tc\u00edch je servis uzav\u0159en a nen\u00ed mo\u017en\u00fd p\u0159\u00edjem ani v\u00fddej oprav<\/p>\n","protected":false},"author":1,"featured_media":0,"parent":35,"menu_order":0,"comment_status":"closed","ping_status":"closed","template":"","meta":[],"_links":{"self":[{"href":"https:\/\/www.habus-sro.cz\/index.php?rest_route=\/wp\/v2\/pages\/67"}],"collection":[{"href":"https:\/\/www.habus-sro.cz\/index.php?rest_route=\/wp\/v2\/pages"}],"about":[{"href":"https:\/\/www.habus-sro.cz\/index.php?rest_route=\/wp\/v2\/types\/page"}],"author":[{"embeddable":true,"href":"https:\/\/www.habus-sro.cz\/index.php?rest_route=\/wp\/v2\/users\/1"}],"replies":[{"embeddable":true,"href":"https:\/\/www.habus-sro.cz\/index.php?rest_route=%2Fwp%2Fv2%2Fcomments&post=67"}],"version-history":[{"count":1,"href":"https:\/\/www.habus-sro.cz\/index.php?rest_route=\/wp\/v2\/pages\/67\/revisions"}],"predecessor-version":[{"id":68,"href":"https:\/\/www.habus-sro.cz\/index.php?rest_route=\/wp\/v2\/pages\/67\/revisions\/68"}],"up":[{"embeddable":true,"href":"https:\/\/www.habus-sro.cz\/index.php?rest_route=\/wp\/v2\/pages\/35"}],"wp:attachment":[{"href":"https:\/\/www.habus-sro.cz\/index.php?rest_route=%2Fwp%2Fv2%2Fmedia&parent=67"}],"curies":[{"name":"wp","href":"https:\/\/api.w.org\/{rel}","templated":true}]}}