{"id":35,"date":"2014-09-28T18:36:54","date_gmt":"2014-09-28T17:36:54","guid":{"rendered":"http:\/\/www.regioplus.cz\/domains\/habus-sro.cz\/?page_id=35"},"modified":"2022-01-03T18:53:18","modified_gmt":"2022-01-03T17:53:18","slug":"kontakty","status":"publish","type":"page","link":"https:\/\/www.habus-sro.cz\/?page_id=35","title":{"rendered":"Kontakty"},"content":{"rendered":"<p>HABUS Autoservis<br \/>\nV\u011bra Havlovi\u010dov\u00e1<br \/>\nPodhradsk\u00e1 2400\/8<br \/>\nCheb 35002<\/p>\n<p>Tel: 354 542 265<br \/>\nMobil: 603 243 496<\/p>\n<p>Rovn\u011b\u017e m\u016f\u017eete vyu\u017e\u00edt kontaktn\u00edho formul\u00e1\u0159e:<br \/>\n<form method=\"post\" id=\"cntctfrm_contact_form\" action=\"https:\/\/www.habus-sro.cz:443\/index.php?rest_route=%2Fwp%2Fv2%2Fpages%2F35#cntctfrm_contact_form\" enctype=\"multipart\/form-data\"><div style=\"text-align: left; padding-top: 5px;\">\r\n\t\t\t\t\t\t<label for=\"cntctfrm_contact_name\">Jm\u00e9no: <span class=\"required\">*<\/span><\/label>\r\n\t\t\t\t\t<\/div><div style=\"text-align: left;\">\r\n\t\t\t\t\t\t<input class=\"text\" type=\"text\" size=\"40\" value=\"\" name=\"cntctfrm_contact_name\" id=\"cntctfrm_contact_name\" style=\"text-align: left; margin: 0;\" \/>\r\n\t\t\t\t\t<\/div><div style=\"text-align: left;\">\r\n\t\t\t\t\t<label for=\"cntctfrm_contact_email\">Emailov\u00e1 adresa: <span class=\"required\">*<\/span><\/label>\r\n\t\t\t\t<\/div><div style=\"text-align: left;\">\r\n\t\t\t\t\t<input class=\"text\" type=\"text\" size=\"40\" value=\"\" name=\"cntctfrm_contact_email\" id=\"cntctfrm_contact_email\" style=\"text-align: left; margin: 0;\" \/>\r\n\t\t\t\t<\/div>\r\n\t\t\t<div style=\"text-align: left;\">\r\n\t\t\t\t\t\t<label for=\"cntctfrm_contact_phone\">Telefonn\u00ed \u010d\u00edslo:<\/label>\r\n\t\t\t\t\t<\/div><div style=\"text-align: left;\">\r\n\t\t\t\t\t\t<input class=\"text\" type=\"text\" size=\"40\" value=\"\" name=\"cntctfrm_contact_phone\" id=\"cntctfrm_contact_phone\" style=\"text-align: left; margin: 0;\" \/>\r\n\t\t\t\t\t<\/div>\r\n\t\t\t\t\t<div style=\"text-align: left;\">\r\n\t\t\t\t\t<label for=\"cntctfrm_contact_subject\">P\u0159edm\u011bt zpr\u00e1vy: <span class=\"required\">*<\/span><\/label>\r\n\t\t\t\t<\/div><div style=\"text-align: left;\">\r\n\t\t\t\t\t<input class=\"text\" type=\"text\" size=\"40\" value=\"\" name=\"cntctfrm_contact_subject\" id=\"cntctfrm_contact_subject\" style=\"text-align: left; margin: 0;\" \/>\r\n\t\t\t\t<\/div>\r\n\r\n\t\t\t\t<div style=\"text-align: left;\">\r\n\t\t\t\t\t<label for=\"cntctfrm_contact_message\">Zpr\u00e1va: <span class=\"required\">*<\/span><\/label>\r\n\t\t\t\t<\/div><div style=\"text-align: left;\">\r\n\t\t\t\t\t<textarea rows=\"5\" cols=\"30\" name=\"cntctfrm_contact_message\" id=\"cntctfrm_contact_message\"><\/textarea>\r\n\t\t\t\t<\/div><div style=\"text-align: left;\">\r\n\t\t\t\t\t\t<input type=\"checkbox\" value=\"1\" name=\"cntctfrm_contact_send_copy\" id=\"cntctfrm_contact_send_copy\" style=\"text-align: left; margin: 0;\"  \/>\r\n\t\t\t\t\t\t<label for=\"cntctfrm_contact_send_copy\">Chci zaslat kopii zpr\u00e1vy<\/label>\r\n\t\t\t\t\t<\/div><div style=\"text-align: left; padding-top: 8px;\"><input type=\"hidden\" value=\"send\" name=\"cntctfrm_contact_action\"><input type=\"hidden\" value=\"Version: 3.30\" \/>\r\n\t\t\t\t\t<input type=\"hidden\" value=\"en\" name=\"cntctfrm_language\">\r\n\t\t\t\t\t<input type=\"submit\" value=\"Odeslat\" style=\"cursor: pointer; margin: 0pt; text-align: center;margin-bottom:10px;\" \/> \r\n\t\t\t\t<\/div>\r\n\t\t\t\t<\/form><\/p>\n","protected":false},"excerpt":{"rendered":"<p>HABUS Autoservis V\u011bra Havlovi\u010dov\u00e1 Podhradsk\u00e1 2400\/8 Cheb 35002 Tel: 354 542 265 Mobil: 603 243 496 Rovn\u011b\u017e m\u016f\u017eete vyu\u017e\u00edt kontaktn\u00edho formul\u00e1\u0159e:<\/p>\n","protected":false},"author":1,"featured_media":0,"parent":0,"menu_order":0,"comment_status":"closed","ping_status":"closed","template":"","meta":[],"_links":{"self":[{"href":"https:\/\/www.habus-sro.cz\/index.php?rest_route=\/wp\/v2\/pages\/35"}],"collection":[{"href":"https:\/\/www.habus-sro.cz\/index.php?rest_route=\/wp\/v2\/pages"}],"about":[{"href":"https:\/\/www.habus-sro.cz\/index.php?rest_route=\/wp\/v2\/types\/page"}],"author":[{"embeddable":true,"href":"https:\/\/www.habus-sro.cz\/index.php?rest_route=\/wp\/v2\/users\/1"}],"replies":[{"embeddable":true,"href":"https:\/\/www.habus-sro.cz\/index.php?rest_route=%2Fwp%2Fv2%2Fcomments&post=35"}],"version-history":[{"count":3,"href":"https:\/\/www.habus-sro.cz\/index.php?rest_route=\/wp\/v2\/pages\/35\/revisions"}],"predecessor-version":[{"id":71,"href":"https:\/\/www.habus-sro.cz\/index.php?rest_route=\/wp\/v2\/pages\/35\/revisions\/71"}],"wp:attachment":[{"href":"https:\/\/www.habus-sro.cz\/index.php?rest_route=%2Fwp%2Fv2%2Fmedia&parent=35"}],"curies":[{"name":"wp","href":"https:\/\/api.w.org\/{rel}","templated":true}]}}