{"id":2,"date":"2014-08-19T18:49:40","date_gmt":"2014-08-19T18:49:40","guid":{"rendered":"http:\/\/www.regioplus.cz\/domains\/habus-sro.cz\/?page_id=2"},"modified":"2014-09-28T17:27:24","modified_gmt":"2014-09-28T17:27:24","slug":"zkusebni-stranka","status":"publish","type":"page","link":"http:\/\/www.habus-sro.cz\/","title":{"rendered":"Home"},"content":{"rendered":"<h2>V\u00edtejte na str\u00e1nk\u00e1ch Autoservisu HaBus Cheb<\/h2>\n<p>pokra\u010dujte kliknut\u00edm na jednotliv\u00e9 z\u00e1lo\u017eky v menu.<\/p>\n","protected":false},"excerpt":{"rendered":"<p>V\u00edtejte na str\u00e1nk\u00e1ch Autoservisu HaBus Cheb pokra\u010dujte kliknut\u00edm na jednotliv\u00e9 z\u00e1lo\u017eky v menu.<\/p>\n","protected":false},"author":1,"featured_media":0,"parent":0,"menu_order":0,"comment_status":"open","ping_status":"open","template":"","meta":[],"_links":{"self":[{"href":"http:\/\/www.habus-sro.cz\/index.php?rest_route=\/wp\/v2\/pages\/2"}],"collection":[{"href":"http:\/\/www.habus-sro.cz\/index.php?rest_route=\/wp\/v2\/pages"}],"about":[{"href":"http:\/\/www.habus-sro.cz\/index.php?rest_route=\/wp\/v2\/types\/page"}],"author":[{"embeddable":true,"href":"http:\/\/www.habus-sro.cz\/index.php?rest_route=\/wp\/v2\/users\/1"}],"replies":[{"embeddable":true,"href":"http:\/\/www.habus-sro.cz\/index.php?rest_route=%2Fwp%2Fv2%2Fcomments&post=2"}],"version-history":[{"count":1,"href":"http:\/\/www.habus-sro.cz\/index.php?rest_route=\/wp\/v2\/pages\/2\/revisions"}],"predecessor-version":[{"id":5,"href":"http:\/\/www.habus-sro.cz\/index.php?rest_route=\/wp\/v2\/pages\/2\/revisions\/5"}],"wp:attachment":[{"href":"http:\/\/www.habus-sro.cz\/index.php?rest_route=%2Fwp%2Fv2%2Fmedia&parent=2"}],"curies":[{"name":"wp","href":"https:\/\/api.w.org\/{rel}","templated":true}]}}